{"id":782,"date":"2024-02-26T12:19:56","date_gmt":"2024-02-26T12:19:56","guid":{"rendered":"https:\/\/krusce.si\/?page_id=782"},"modified":"2024-03-03T19:27:58","modified_gmt":"2024-03-03T19:27:58","slug":"about","status":"publish","type":"page","link":"https:\/\/krusce.si\/index.php\/about\/","title":{"rendered":"ABOUT"},"content":{"rendered":"\n<p>Kru\u0161\u010de Creative Center provides a well needed space of inspiration and a place where art has its value, purpose and meaning. It creates conditions where cutting-edge art meets other fields. We curate content in the fields of performing and other arts, psychodrama, education and group work.<\/p>\n\n\n\n<p>The beauty and the calm of the surrounding nature and the place add to the human and creative encounters that are meaningful and long lasting. Extraordinary art is shared in the most ordinary, human way by creating temporary communities where creativity, curiosity, vulnerability and connectedness are nourished. As one friend of Kru\u0161\u010de said: <em>\u201cIt helps me keep my faith in humanity.\u201d<\/em><\/p>\n\n\n\n<p>Kru\u0161\u010de Creative Center is artistically let by Tomi Jane\u017ei\u010d, a theatre director and psychodrama psychotherapist and Katja Legin, a dancer\/performer and choreographer. They live on the property with their two sons. Guests, be that the collaborators, residents or different groups, are treated as friends. <\/p>\n\n\n\n<p>The activities of the Center include:<\/p>\n\n\n\n<ul class=\"wp-block-list\">\n<li>production, creation and sharing of art <\/li>\n\n\n\n<li>little festivals BODIES SPACES CURRENTS WORLDS in the summer<\/li>\n\n\n\n<li>residencies for artists, researchers and scholar<\/li>\n\n\n\n<li>psychodrama work (monthly group, workshops, little festival of psychodrama)<\/li>\n\n\n\n<li>rentals of the property for groups<\/li>\n<\/ul>\n\n\n\n<p><strong>HISTORY<\/strong><\/p>\n\n\n\n<p>The road that brings one to Kru\u0161\u010de today and stops at the forest used to be the main road from the hills to the valley. The wealthy homestead was trading with wood and kept an inn. The property\u2019s main building (now called <em>the<\/em> <em>big house) <\/em>was build in 1893 and after the Second World War it was used also as a school. Another house at the property was a shop. Later the road was build lower down and Kru\u0161\u010de became a remote and peaceful place by the forest with only 12 inhabitants.<\/p>\n\n\n\n<p><strong>LOCATION<\/strong><\/p>\n\n\n\n<p>Kru\u0161\u010de is in the middle of a triangle between Rakitna, Nova Vas and Cerknica. It\u2019s an hour drive with a car to Ljubljana\u2019s and Triest\u2019s airport. It\u2019s surrounded by Inner- Carniola woods and close to natural and other sights, just up to 15 min away from three lakes (Bloke lake, Rakitna and Cerknica lake). Walking or biking one can go to the waterfalls in the upper part of Pekel (Brezovica at Borovnica), to Sveta Trojica (where Martin Krpan, a famous literary and historic figure was born), to Bloke or Slivnica hilltop. Above Kru\u0161\u010de, just by the E7 European long distance path (Sveti Vid), there is a hidden little waterfall called Gora (Mountain).<\/p>\n\n\n\n<figure class=\"wp-block-gallery has-nested-images columns-default is-cropped wp-block-gallery-1 is-layout-flex wp-block-gallery-is-layout-flex\">\n<figure class=\"wp-block-image size-large\"><img loading=\"lazy\" decoding=\"async\" width=\"768\" height=\"1024\" data-id=\"892\" src=\"https:\/\/krusce.si\/wp-content\/uploads\/2024\/02\/1d090ad8-4a17-4a25-84c9-679561e174e9-768x1024.jpg\" alt=\"\" class=\"wp-image-892\" srcset=\"https:\/\/krusce.si\/wp-content\/uploads\/2024\/02\/1d090ad8-4a17-4a25-84c9-679561e174e9-768x1024.jpg 768w, https:\/\/krusce.si\/wp-content\/uploads\/2024\/02\/1d090ad8-4a17-4a25-84c9-679561e174e9-225x300.jpg 225w, https:\/\/krusce.si\/wp-content\/uploads\/2024\/02\/1d090ad8-4a17-4a25-84c9-679561e174e9-1152x1536.jpg 1152w, https:\/\/krusce.si\/wp-content\/uploads\/2024\/02\/1d090ad8-4a17-4a25-84c9-679561e174e9.jpg 1200w\" sizes=\"auto, (max-width: 767px) 89vw, (max-width: 1000px) 54vw, (max-width: 1071px) 543px, 580px\" \/><\/figure>\n\n\n\n<figure class=\"wp-block-image size-large\"><img loading=\"lazy\" decoding=\"async\" width=\"768\" height=\"1024\" data-id=\"894\" src=\"https:\/\/krusce.si\/wp-content\/uploads\/2024\/02\/4ea37c86-87b9-4388-b7f2-d09a0f1cdd42-768x1024.jpg\" alt=\"\" class=\"wp-image-894\" srcset=\"https:\/\/krusce.si\/wp-content\/uploads\/2024\/02\/4ea37c86-87b9-4388-b7f2-d09a0f1cdd42-768x1024.jpg 768w, https:\/\/krusce.si\/wp-content\/uploads\/2024\/02\/4ea37c86-87b9-4388-b7f2-d09a0f1cdd42-225x300.jpg 225w, https:\/\/krusce.si\/wp-content\/uploads\/2024\/02\/4ea37c86-87b9-4388-b7f2-d09a0f1cdd42-1152x1536.jpg 1152w, https:\/\/krusce.si\/wp-content\/uploads\/2024\/02\/4ea37c86-87b9-4388-b7f2-d09a0f1cdd42.jpg 1200w\" sizes=\"auto, (max-width: 767px) 89vw, (max-width: 1000px) 54vw, (max-width: 1071px) 543px, 580px\" \/><\/figure>\n\n\n\n<figure class=\"wp-block-image size-large\"><img loading=\"lazy\" decoding=\"async\" width=\"1024\" height=\"768\" data-id=\"896\" src=\"https:\/\/krusce.si\/wp-content\/uploads\/2024\/02\/IMG_4211-1024x768.jpg\" alt=\"\" class=\"wp-image-896\" srcset=\"https:\/\/krusce.si\/wp-content\/uploads\/2024\/02\/IMG_4211-1024x768.jpg 1024w, https:\/\/krusce.si\/wp-content\/uploads\/2024\/02\/IMG_4211-300x225.jpg 300w, https:\/\/krusce.si\/wp-content\/uploads\/2024\/02\/IMG_4211-768x576.jpg 768w, https:\/\/krusce.si\/wp-content\/uploads\/2024\/02\/IMG_4211-1536x1152.jpg 1536w, https:\/\/krusce.si\/wp-content\/uploads\/2024\/02\/IMG_4211-2048x1536.jpg 2048w\" sizes=\"auto, (max-width: 767px) 89vw, (max-width: 1000px) 54vw, (max-width: 1071px) 543px, 580px\" \/><\/figure>\n<\/figure>\n\n\n\n<p><\/p>\n\n\n\n<p><strong>PEOPLE<\/strong><\/p>\n\n\n\n<p><strong>Tomi Jane\u017ei\u010d<\/strong>&nbsp;is a Slovenian theatre director and a psychodrama psychotherapist. For many years he was a professor of theatre directing at the&nbsp;Academy of Theatre, Radio, Film, and Television in Ljubljana&nbsp;(Slovenia) and a visiting professor at Universities in different countries. As an artist he presented his work at some of the most prominent international theatre festivals in more then twenty countries around Europe, Russia, and USA (Wiener Festwochen, Kunstenfestivaldesarts, Golden mask, New European Theatre, Bitef, Mess, Eurokaz, Fabbrica Europa, Heddaprisen, Theorem Meeting &#8211; Festival Avignon&nbsp;etc.) and has received more then fifty mostly international recognitions and awards, among them the most important national prizes in Slovenia and the highest national theatre nominations or awards in nine different countries, including Russia, Lithuania, Norway, Italy, Croatia, Serbia etc.<br>Jane\u017ei\u010d&nbsp;is an internationally recognised expert in the field of acting creative techniques. His work is known among other things for the application of psychodrama and group analysis in creative processes. He has been the artistic director of the&nbsp;Studio for Research on the Art of Acting&nbsp;since 1996 and artistic co-director of&nbsp;Kru\u0161\u010de Creative Center&nbsp;in Slovenia&nbsp;&nbsp;and has conducted dozens of workshops internationally.<\/p>\n\n\n\n<figure class=\"wp-block-image size-large\"><img loading=\"lazy\" decoding=\"async\" width=\"1024\" height=\"1024\" src=\"https:\/\/krusce.si\/wp-content\/uploads\/2024\/03\/Tomi-1024x1024.png\" alt=\"\" class=\"wp-image-920\" srcset=\"https:\/\/krusce.si\/wp-content\/uploads\/2024\/03\/Tomi-1024x1024.png 1024w, https:\/\/krusce.si\/wp-content\/uploads\/2024\/03\/Tomi-300x300.png 300w, https:\/\/krusce.si\/wp-content\/uploads\/2024\/03\/Tomi-150x150.png 150w, https:\/\/krusce.si\/wp-content\/uploads\/2024\/03\/Tomi-768x768.png 768w, https:\/\/krusce.si\/wp-content\/uploads\/2024\/03\/Tomi-1536x1536.png 1536w, https:\/\/krusce.si\/wp-content\/uploads\/2024\/03\/Tomi-2048x2048.png 2048w, https:\/\/krusce.si\/wp-content\/uploads\/2024\/03\/Tomi-100x100.png 100w\" sizes=\"auto, (max-width: 767px) 89vw, (max-width: 1000px) 54vw, (max-width: 1071px) 543px, 580px\" \/><figcaption class=\"wp-element-caption\">Designed by Anna Rabko, part of Love letter to Kru\u0161\u010de<\/figcaption><\/figure>\n\n\n\n<p><\/p>\n\n\n\n<p><strong>Katja Legin <\/strong>(1985) works in the field of performing arts primarily as a performer\/dancer and author, but she has also participated in various creative processes in very diverse roles &#8211; as dramaturg, choreographer, external eye, mentor, professor, writer, curator. Over the years, she has collaborated with most of the important authors working in performing arts in Slovenia. For many years she was interested in improvisation and the question of presence, performative qualities and skills. She initiated No!training Lab (2012-2016), a laboratory where a group of performers were exploring these topics. In 2015 her MA thesis was published as a book titled <em>Dualities: Performer and his work<\/em>. In 2017 she received special Ksenija Hribar award for her outstanding performative work, her work on the book and No!training Lab. In recent years she created works that evolve around the female roles, family and the position of a woman &#8211; artist, often combining fictional material (sourced form short stories) and biographical elements. Her performances were invited to various festivals and toured in the region.<\/p>\n\n\n\n<figure class=\"wp-block-image size-large\"><img loading=\"lazy\" decoding=\"async\" width=\"1024\" height=\"1024\" src=\"https:\/\/krusce.si\/wp-content\/uploads\/2024\/03\/Katja-1024x1024.png\" alt=\"\" class=\"wp-image-922\" srcset=\"https:\/\/krusce.si\/wp-content\/uploads\/2024\/03\/Katja-1024x1024.png 1024w, https:\/\/krusce.si\/wp-content\/uploads\/2024\/03\/Katja-300x300.png 300w, https:\/\/krusce.si\/wp-content\/uploads\/2024\/03\/Katja-150x150.png 150w, https:\/\/krusce.si\/wp-content\/uploads\/2024\/03\/Katja-768x768.png 768w, https:\/\/krusce.si\/wp-content\/uploads\/2024\/03\/Katja-1536x1536.png 1536w, https:\/\/krusce.si\/wp-content\/uploads\/2024\/03\/Katja-2048x2048.png 2048w, https:\/\/krusce.si\/wp-content\/uploads\/2024\/03\/Katja-100x100.png 100w\" sizes=\"auto, (max-width: 767px) 89vw, (max-width: 1000px) 54vw, (max-width: 1071px) 543px, 580px\" \/><figcaption class=\"wp-element-caption\">Designed by Anna Rabko, part of Love letter to Kru\u0161\u010de<\/figcaption><\/figure>\n\n\n\n<p><\/p>\n\n\n\n<p><strong>Petra Hazabent<\/strong> finished her diploma at the University of Ljubljana \u2013 department Science of Culture. Later on she finished specialization at the first EU curatorial study program \u201cKuratieren in den szenischenK\u00fcnsten\u201d between University of Salzburg and LMU M\u00fcnchen and for this she was appointed with a full Allianz Kulturstiftung stipendium (2017). In the last 10 years she has worked as a creative producer, curator and cultural policy researcher and in 2005 she was part of the team that established the first International Festival of Experimental Move Nagib in Maribor, Slovenia. In 2013 a new Association for Cultural Production and Affirmation of Artistic Processes NAGIB was established for which she is still artistic director. For all these and many other projects she has realized until now she received in 2015 a national KsenijaHribar award for special achievements as a producer in the field of contemporary performing arts. Besides working as a curator and producer she gained knowledge and experiences also in researching cultural policy models in the EU, which she implemented in different studies for the non-governmental sector in the field of culture and art. <\/p>\n\n\n\n<p>She collaborates with Kru\u0161\u010de Creative Center as a producer and organiser.<\/p>\n\n\n\n<figure class=\"wp-block-image\"><img decoding=\"async\" src=\"https:\/\/www.vetrinjski-dvor.si\/f\/pics\/dogodki\/SLO-046-Petra-Hazabent_b.jpg\" alt=\"Portreti iz Shoreditcha - Vilinsko mesto\"\/><figcaption class=\"wp-element-caption\">Photo by Mike Crawford<\/figcaption><\/figure>\n\n\n\n<p><strong>FUND<\/strong> <\/p>\n\n\n\n<p>We have established a fund to finance&nbsp;residencies for both young and established artists from all artistic disciplines at the Kru\u0161\u010de Creative Centre, thus contributing to the development of their creative potential.<\/p>\n\n\n\n<p>For more information about how you can contribute to the fund or apply for funding, write us to: <a href=\"info@krusce.si\">info@krusce.si<\/a>.<\/p>\n\n\n\n<p><\/p>\n\n\n\n<p><strong>NEW EUROPEAN BAUHAUS<\/strong><\/p>\n\n\n\n<p>We are members of the community of partners of New European Bauhaus.<\/p>\n\n\n\n<figure class=\"wp-block-image size-large\"><img loading=\"lazy\" decoding=\"async\" width=\"1024\" height=\"1024\" src=\"https:\/\/krusce.si\/wp-content\/uploads\/2021\/12\/NewEuropeanBauhaus-gen-square-1024x1024.jpg\" alt=\"\" class=\"wp-image-205\" srcset=\"https:\/\/krusce.si\/wp-content\/uploads\/2021\/12\/NewEuropeanBauhaus-gen-square-1024x1024.jpg 1024w, https:\/\/krusce.si\/wp-content\/uploads\/2021\/12\/NewEuropeanBauhaus-gen-square-300x300.jpg 300w, https:\/\/krusce.si\/wp-content\/uploads\/2021\/12\/NewEuropeanBauhaus-gen-square-150x150.jpg 150w, https:\/\/krusce.si\/wp-content\/uploads\/2021\/12\/NewEuropeanBauhaus-gen-square-768x768.jpg 768w, https:\/\/krusce.si\/wp-content\/uploads\/2021\/12\/NewEuropeanBauhaus-gen-square-100x100.jpg 100w, https:\/\/krusce.si\/wp-content\/uploads\/2021\/12\/NewEuropeanBauhaus-gen-square.jpg 1200w\" sizes=\"auto, (max-width: 767px) 89vw, (max-width: 1000px) 54vw, (max-width: 1071px) 543px, 580px\" \/><\/figure>\n\n\n\n<p><em>&#8220;The New European Bauhaus is a creative and interdisciplinary initiative, convening a space of encounter to design future ways of living, situated at the crossroads between art, culture, social inclusion, science and technology. It brings the Green Deal to our living places and calls for a collective effort to imagine and build a future that is sustainable, inclusive and beautiful for our minds and for our souls.&#8221;<\/em><\/p>\n\n\n\n<p><a href=\"https:\/\/europa.eu\/new-european-bauhaus\/index_en\">More<\/a> about NEB.<\/p>\n","protected":false},"excerpt":{"rendered":"<p>Kru\u0161\u010de Creative Center provides a well needed space of inspiration and a place where art has its value, purpose and meaning. It creates conditions where cutting-edge art meets other fields. We curate content in the fields of performing and other arts, psychodrama, education and group work. The beauty and the calm of the surrounding nature &hellip; <\/p>\n<p class=\"link-more\"><a href=\"https:\/\/krusce.si\/index.php\/about\/\" class=\"more-link\">Continue reading<span class=\"screen-reader-text\"> &#8220;ABOUT&#8221;<\/span><\/a><\/p>\n","protected":false},"author":1,"featured_media":0,"parent":0,"menu_order":0,"comment_status":"closed","ping_status":"closed","template":"","meta":{"footnotes":""},"class_list":["post-782","page","type-page","status-publish","hentry"],"_links":{"self":[{"href":"https:\/\/krusce.si\/index.php\/wp-json\/wp\/v2\/pages\/782","targetHints":{"allow":["GET"]}}],"collection":[{"href":"https:\/\/krusce.si\/index.php\/wp-json\/wp\/v2\/pages"}],"about":[{"href":"https:\/\/krusce.si\/index.php\/wp-json\/wp\/v2\/types\/page"}],"author":[{"embeddable":true,"href":"https:\/\/krusce.si\/index.php\/wp-json\/wp\/v2\/users\/1"}],"replies":[{"embeddable":true,"href":"https:\/\/krusce.si\/index.php\/wp-json\/wp\/v2\/comments?post=782"}],"version-history":[{"count":12,"href":"https:\/\/krusce.si\/index.php\/wp-json\/wp\/v2\/pages\/782\/revisions"}],"predecessor-version":[{"id":923,"href":"https:\/\/krusce.si\/index.php\/wp-json\/wp\/v2\/pages\/782\/revisions\/923"}],"wp:attachment":[{"href":"https:\/\/krusce.si\/index.php\/wp-json\/wp\/v2\/media?parent=782"}],"curies":[{"name":"wp","href":"https:\/\/api.w.org\/{rel}","templated":true}]}}