{"id":73,"date":"2021-11-18T15:39:42","date_gmt":"2021-11-18T15:39:42","guid":{"rendered":"https:\/\/krusce.si\/?page_id=73"},"modified":"2024-02-28T19:53:16","modified_gmt":"2024-02-28T19:53:16","slug":"residencies","status":"publish","type":"page","link":"https:\/\/krusce.si\/index.php\/residencies\/","title":{"rendered":"RESIDENCIES"},"content":{"rendered":"\n<p>Kru\u0161\u010de Creative Center stretches through few plots of land with six buildings. The property is being renovated since 2006 and has almost 1000 m2 of spaces for group work and accommodation. The renovation has been a process of artistic directors with architects, students of scenic design and other collaborators to establish spaces and landscapes that respect the cultural heritage, but are also contemporary and homey. They are unique, aesthetically combining simplicity, functionality, and art while recycling\/reusing materials found at the estate.<\/p>\n\n\n\n<figure class=\"wp-block-image size-large\"><img loading=\"lazy\" decoding=\"async\" width=\"768\" height=\"1024\" src=\"https:\/\/krusce.si\/wp-content\/uploads\/2021\/11\/KRUSCE-CREATIVE-CENTER-KOLAZ-768x1024.jpeg\" alt=\"\" class=\"wp-image-78\" srcset=\"https:\/\/krusce.si\/wp-content\/uploads\/2021\/11\/KRUSCE-CREATIVE-CENTER-KOLAZ-768x1024.jpeg 768w, https:\/\/krusce.si\/wp-content\/uploads\/2021\/11\/KRUSCE-CREATIVE-CENTER-KOLAZ-225x300.jpeg 225w, https:\/\/krusce.si\/wp-content\/uploads\/2021\/11\/KRUSCE-CREATIVE-CENTER-KOLAZ-1152x1536.jpeg 1152w, https:\/\/krusce.si\/wp-content\/uploads\/2021\/11\/KRUSCE-CREATIVE-CENTER-KOLAZ-1536x2048.jpeg 1536w, https:\/\/krusce.si\/wp-content\/uploads\/2021\/11\/KRUSCE-CREATIVE-CENTER-KOLAZ-scaled.jpeg 1920w\" sizes=\"auto, (max-width: 767px) 89vw, (max-width: 1000px) 54vw, (max-width: 1071px) 543px, 580px\" \/><\/figure>\n\n\n\n<p><\/p>\n\n\n\n<p>GENERAL RESIDENCY is an artistic residency for creatives from different fields. The program offers&nbsp;artists&nbsp;space and time to focus exclusively on their work and creative process, with the possibility of an exchange through encounters with the group of co-residents that is being created in which different perspectives, ways of working and presumptions can be questioned and reflected.<\/p>\n\n\n\n<p>Kru\u0161\u010de creative center is located in a remote natural setting where creative isolation is possible. One can dedicate one&#8217;s time to be involved in the process of reflection, training\/preparation, research or creation. Sometimes the most important and necessary thing is to stop: to drop all expectation and pressure to do, produce or create. Kru\u0161\u010de is also a place for that.<\/p>\n\n\n\n<p>The general residency is an open\/empty space and the center doesn\u2019t structure time and work for the residents. It offers accommodation, working space and on occasions food. With enough residents present and interested it also offers curated artistic events, artistic coaching\/mentorship, workshops\/classes etc. The participation in these activities is voluntary.<\/p>\n\n\n\n<p>The call for residencies is open throughout the year. For info write to <a href=\"info@krusce.si\">info@krusce.si<\/a><\/p>\n\n\n\n<p><strong>SPACES<\/strong><\/p>\n\n\n\n<p><\/p>\n\n\n\n<figure class=\"wp-block-image size-large\"><img loading=\"lazy\" decoding=\"async\" width=\"1024\" height=\"724\" src=\"https:\/\/krusce.si\/wp-content\/uploads\/2024\/02\/Krusce-skica-posestva-1024x724.jpg\" alt=\"\" class=\"wp-image-870\" srcset=\"https:\/\/krusce.si\/wp-content\/uploads\/2024\/02\/Krusce-skica-posestva-1024x724.jpg 1024w, https:\/\/krusce.si\/wp-content\/uploads\/2024\/02\/Krusce-skica-posestva-300x212.jpg 300w, https:\/\/krusce.si\/wp-content\/uploads\/2024\/02\/Krusce-skica-posestva-768x543.jpg 768w, https:\/\/krusce.si\/wp-content\/uploads\/2024\/02\/Krusce-skica-posestva.jpg 1190w\" sizes=\"auto, (max-width: 767px) 89vw, (max-width: 1000px) 54vw, (max-width: 1071px) 543px, 580px\" \/><\/figure>\n\n\n\n<p><strong>\u201cStudio\u201d<\/strong> is a house where the studio is located. It\u2019s on the ground floor, size 6&#215;10 m and is also used as a performing space. It has a little library, sound system, projector and a screen, possibility for theatre lights to be hanged and comfy sofas. Ajoining the studio is a small\/tea kitchen with all the necessary equipment to prepare food and a bathroom. The upper floor 12&#215;8 m is a loft that can comfortably accommodate up to four people. It has a big working table, a hammock and a home library. The house is heated with a fire place (wood pallets).<\/p>\n\n\n\n<figure class=\"wp-block-gallery has-nested-images columns-default is-cropped wp-block-gallery-1 is-layout-flex wp-block-gallery-is-layout-flex\">\n<figure class=\"wp-block-image size-large\"><img loading=\"lazy\" decoding=\"async\" width=\"768\" height=\"1024\" data-id=\"908\" src=\"https:\/\/krusce.si\/wp-content\/uploads\/2024\/02\/567ff3b0-729e-41fd-a6f4-58f1af5e20f0-768x1024.jpg\" alt=\"\" class=\"wp-image-908\" srcset=\"https:\/\/krusce.si\/wp-content\/uploads\/2024\/02\/567ff3b0-729e-41fd-a6f4-58f1af5e20f0-768x1024.jpg 768w, https:\/\/krusce.si\/wp-content\/uploads\/2024\/02\/567ff3b0-729e-41fd-a6f4-58f1af5e20f0-225x300.jpg 225w, https:\/\/krusce.si\/wp-content\/uploads\/2024\/02\/567ff3b0-729e-41fd-a6f4-58f1af5e20f0-1152x1536.jpg 1152w, https:\/\/krusce.si\/wp-content\/uploads\/2024\/02\/567ff3b0-729e-41fd-a6f4-58f1af5e20f0.jpg 1200w\" sizes=\"auto, (max-width: 767px) 89vw, (max-width: 1000px) 54vw, (max-width: 1071px) 543px, 580px\" \/><\/figure>\n\n\n\n<figure class=\"wp-block-image size-large\"><img loading=\"lazy\" decoding=\"async\" width=\"768\" height=\"1024\" data-id=\"910\" src=\"https:\/\/krusce.si\/wp-content\/uploads\/2024\/02\/587ec5fc-e7ff-4d11-bb69-5596d24fe5ab-768x1024.jpg\" alt=\"\" class=\"wp-image-910\" srcset=\"https:\/\/krusce.si\/wp-content\/uploads\/2024\/02\/587ec5fc-e7ff-4d11-bb69-5596d24fe5ab-768x1024.jpg 768w, https:\/\/krusce.si\/wp-content\/uploads\/2024\/02\/587ec5fc-e7ff-4d11-bb69-5596d24fe5ab-225x300.jpg 225w, https:\/\/krusce.si\/wp-content\/uploads\/2024\/02\/587ec5fc-e7ff-4d11-bb69-5596d24fe5ab-1152x1536.jpg 1152w, https:\/\/krusce.si\/wp-content\/uploads\/2024\/02\/587ec5fc-e7ff-4d11-bb69-5596d24fe5ab.jpg 1200w\" sizes=\"auto, (max-width: 767px) 89vw, (max-width: 1000px) 54vw, (max-width: 1071px) 543px, 580px\" \/><\/figure>\n<\/figure>\n\n\n\n<p><strong>\u201cThe little house\u201d<\/strong> is the residency house. The house with funky wallpaper. It can host up to 12 people. Ground floor has two private \u201cbooths\u201d for sleeping (french size bed in each), two toilets and a bathroom with two showers. Second floor has a fully equiped kitchen and a bedroom with kingsize bed and ajoining private bathroom. Both kitchen and bedroom have an exit to a balcony. The attic has 8 single beds and a balcony under the old chesnut tree. The house is heated with IR electric panels.<\/p>\n\n\n\n<figure class=\"wp-block-gallery has-nested-images columns-default is-cropped wp-block-gallery-2 is-layout-flex wp-block-gallery-is-layout-flex\">\n<figure class=\"wp-block-image size-large\"><img loading=\"lazy\" decoding=\"async\" width=\"1024\" height=\"683\" data-id=\"877\" src=\"https:\/\/krusce.si\/wp-content\/uploads\/2024\/02\/DSCF4213-1024x683.jpg\" alt=\"\" class=\"wp-image-877\" srcset=\"https:\/\/krusce.si\/wp-content\/uploads\/2024\/02\/DSCF4213-1024x683.jpg 1024w, https:\/\/krusce.si\/wp-content\/uploads\/2024\/02\/DSCF4213-300x200.jpg 300w, https:\/\/krusce.si\/wp-content\/uploads\/2024\/02\/DSCF4213-768x512.jpg 768w, https:\/\/krusce.si\/wp-content\/uploads\/2024\/02\/DSCF4213-1536x1024.jpg 1536w, https:\/\/krusce.si\/wp-content\/uploads\/2024\/02\/DSCF4213.jpg 2048w\" sizes=\"auto, (max-width: 767px) 89vw, (max-width: 1000px) 54vw, (max-width: 1071px) 543px, 580px\" \/><\/figure>\n\n\n\n<figure class=\"wp-block-image size-large\"><img loading=\"lazy\" decoding=\"async\" width=\"768\" height=\"1024\" data-id=\"911\" src=\"https:\/\/krusce.si\/wp-content\/uploads\/2024\/02\/8d3c73b9-e1e0-43ca-b03f-933fda64ecdd-768x1024.jpg\" alt=\"\" class=\"wp-image-911\" srcset=\"https:\/\/krusce.si\/wp-content\/uploads\/2024\/02\/8d3c73b9-e1e0-43ca-b03f-933fda64ecdd-768x1024.jpg 768w, https:\/\/krusce.si\/wp-content\/uploads\/2024\/02\/8d3c73b9-e1e0-43ca-b03f-933fda64ecdd-225x300.jpg 225w, https:\/\/krusce.si\/wp-content\/uploads\/2024\/02\/8d3c73b9-e1e0-43ca-b03f-933fda64ecdd-1152x1536.jpg 1152w, https:\/\/krusce.si\/wp-content\/uploads\/2024\/02\/8d3c73b9-e1e0-43ca-b03f-933fda64ecdd.jpg 1200w\" sizes=\"auto, (max-width: 767px) 89vw, (max-width: 1000px) 54vw, (max-width: 1071px) 543px, 580px\" \/><\/figure>\n<\/figure>\n\n\n\n<p><strong>\u201cThe big house\u201d<\/strong> is the heart of the property. The ground floor has a big communal kitchen where everyone can meet, cook, eat and hang out. The central corridor was made into a tiny club with a little stage where concerts, performances, exhibitions or other events can be held. There is also a studio appartement on the ground floor. It can accommodate two adults and two kids. Apartment 10&#215;5 m has a private bathroom and is suitable for longer residencies. It is big enough to do creative work such as writing, composing, preparing\/researching for a project etc. The basement of the house has a boiler room, laundry room, a toilet, a shower room and a little spa consisting of steam sauna and a bath\/pool.<\/p>\n\n\n\n<figure class=\"wp-block-gallery has-nested-images columns-default is-cropped wp-block-gallery-3 is-layout-flex wp-block-gallery-is-layout-flex\">\n<figure class=\"wp-block-image size-large\"><img loading=\"lazy\" decoding=\"async\" width=\"1024\" height=\"683\" data-id=\"876\" src=\"https:\/\/krusce.si\/wp-content\/uploads\/2024\/02\/DSC_9118-1-1024x683.jpg\" alt=\"\" class=\"wp-image-876\" srcset=\"https:\/\/krusce.si\/wp-content\/uploads\/2024\/02\/DSC_9118-1-1024x683.jpg 1024w, https:\/\/krusce.si\/wp-content\/uploads\/2024\/02\/DSC_9118-1-300x200.jpg 300w, https:\/\/krusce.si\/wp-content\/uploads\/2024\/02\/DSC_9118-1-768x512.jpg 768w, https:\/\/krusce.si\/wp-content\/uploads\/2024\/02\/DSC_9118-1-1536x1024.jpg 1536w, https:\/\/krusce.si\/wp-content\/uploads\/2024\/02\/DSC_9118-1-2048x1365.jpg 2048w\" sizes=\"auto, (max-width: 767px) 89vw, (max-width: 1000px) 54vw, (max-width: 1071px) 543px, 580px\" \/><figcaption class=\"wp-element-caption\">Photo by Marcandrea<\/figcaption><\/figure>\n\n\n\n<figure class=\"wp-block-image size-large\"><img loading=\"lazy\" decoding=\"async\" width=\"768\" height=\"1024\" data-id=\"912\" src=\"https:\/\/krusce.si\/wp-content\/uploads\/2024\/02\/IMG_5073-768x1024.jpg\" alt=\"\" class=\"wp-image-912\" srcset=\"https:\/\/krusce.si\/wp-content\/uploads\/2024\/02\/IMG_5073-768x1024.jpg 768w, https:\/\/krusce.si\/wp-content\/uploads\/2024\/02\/IMG_5073-225x300.jpg 225w, https:\/\/krusce.si\/wp-content\/uploads\/2024\/02\/IMG_5073-1152x1536.jpg 1152w, https:\/\/krusce.si\/wp-content\/uploads\/2024\/02\/IMG_5073-1536x2048.jpg 1536w, https:\/\/krusce.si\/wp-content\/uploads\/2024\/02\/IMG_5073-scaled.jpg 1920w\" sizes=\"auto, (max-width: 767px) 89vw, (max-width: 1000px) 54vw, (max-width: 1071px) 543px, 580px\" \/><\/figure>\n<\/figure>\n\n\n\n<p><strong>&#8220;The barn&#8221;<\/strong> is a summer workshop and performance space.<\/p>\n\n\n\n<figure class=\"wp-block-image size-large\"><img loading=\"lazy\" decoding=\"async\" width=\"1024\" height=\"683\" src=\"https:\/\/krusce.si\/wp-content\/uploads\/2024\/02\/image-24-1024x683.jpeg\" alt=\"No photo description available.\" class=\"wp-image-872\" srcset=\"https:\/\/krusce.si\/wp-content\/uploads\/2024\/02\/image-24-1024x683.jpeg 1024w, https:\/\/krusce.si\/wp-content\/uploads\/2024\/02\/image-24-300x200.jpeg 300w, https:\/\/krusce.si\/wp-content\/uploads\/2024\/02\/image-24-768x512.jpeg 768w, https:\/\/krusce.si\/wp-content\/uploads\/2024\/02\/image-24.jpeg 1500w\" sizes=\"auto, (max-width: 767px) 89vw, (max-width: 1000px) 54vw, (max-width: 1071px) 543px, 580px\" \/><figcaption class=\"wp-element-caption\">Photo by Guido Mencari (https:\/\/www.guidomencari.com)<\/figcaption><\/figure>\n\n\n\n<p>Kru\u0161\u010de Creative Center is a family friendly residency providing a crib for babies, high chair for toddlers, toys, children&#8217;s books and lots of dynamic playground area all around the property.<\/p>\n\n\n\n<p>\u201cStudio\u201d is the above mentioned working space with accommodation possibility.<\/p>\n\n\n\n<p>In the summertime there are plenty of possibilities to work outside in the natural setting (fruit orchard, grass fields, nearby forest) and especially in the open barn (6&#215;12 m).<\/p>\n\n\n\n<p>Creative work is possible also at the little club, ground floor apartment and the kitchen of the big house.<\/p>\n\n\n\n<figure class=\"wp-block-image size-large\"><img loading=\"lazy\" decoding=\"async\" width=\"1024\" height=\"683\" src=\"https:\/\/krusce.si\/wp-content\/uploads\/2024\/02\/3dan_Prostori_Tokovi_2022_ByZigaKoritnik_74-1024x683.jpg\" alt=\"\" class=\"wp-image-873\" srcset=\"https:\/\/krusce.si\/wp-content\/uploads\/2024\/02\/3dan_Prostori_Tokovi_2022_ByZigaKoritnik_74-1024x683.jpg 1024w, https:\/\/krusce.si\/wp-content\/uploads\/2024\/02\/3dan_Prostori_Tokovi_2022_ByZigaKoritnik_74-300x200.jpg 300w, https:\/\/krusce.si\/wp-content\/uploads\/2024\/02\/3dan_Prostori_Tokovi_2022_ByZigaKoritnik_74-768x512.jpg 768w, https:\/\/krusce.si\/wp-content\/uploads\/2024\/02\/3dan_Prostori_Tokovi_2022_ByZigaKoritnik_74.jpg 1500w\" sizes=\"auto, (max-width: 767px) 89vw, (max-width: 1000px) 54vw, (max-width: 1071px) 543px, 580px\" \/><figcaption class=\"wp-element-caption\">Photo by \u017diga Koritnik<\/figcaption><\/figure>\n\n\n\n<p>Every house has its own internet connection.<\/p>\n\n\n\n<p>The Studio has special floor that is suited for movement work.<br><br>One can apply all year long by sending a simple e-mail to\u00a0<a href=\"info@krusce.si\">info@krusce.si<\/a><\/p>\n\n\n\n<p>We welcome professional\u00a0artists\u00a0from all fields, all places and all stages of their artistic path.<\/p>\n\n\n\n<p>You can find Kru\u0161\u010de Creative Center in the database of artists residencies\u00a0<a href=\"https:\/\/www.transartists.org\/en\/air\/krusce-creative-center\" target=\"_blank\" rel=\"noreferrer noopener\"><em>Transartists<\/em><\/a>, <a href=\"https:\/\/resartis.org\/listings\/studio-for-the-research-on-the-art-of-acting\/\">ResArtists<\/a> , <a href=\"https:\/\/microresidence.net\/krusce-creative-center\/\">Microresidence Network<\/a> and in Motovila&#8217;s\u00a0<a href=\"https:\/\/motovila.si\/air-ustvarjalni-center-krusce\/\" target=\"_blank\" rel=\"noreferrer noopener\">base AiR<\/a>\u00a0of artists residency programs in Slovenia as well.<\/p>\n\n\n\n<p><\/p>\n\n\n\n<p><strong>RESIDENTS<\/strong>:<\/p>\n\n\n\n<ul class=\"wp-block-list\">\n<li>Guest room Maribor (international team of artists and curators developing a project)<\/li>\n\n\n\n<li>Laura Kutkait\u00e8 (theatre director, Lithuania)<\/li>\n\n\n\n<li>Snje\u017eana Premu\u0161 (choreographer, Slovenia)<\/li>\n\n\n\n<li>Tina Valentan (dancer, Slovenia)<\/li>\n\n\n\n<li>Ida&nbsp;Hir\u0161enfelder (sound artist, Slovenia)<\/li>\n\n\n\n<li>Kru\u0161\u010de Lab 2023 (Anja Novak, Carlo Zoratti, Serena Marziale, Anu\u0161a Kodelja)<\/li>\n\n\n\n<li>Friday group residency 2023 (Elena Vanni, Elena Dragonetti, Marija Kandi\u0107, \u0160pela Huzjak, Lovro Zafred, Marina Rosso, Astrid Casali)<\/li>\n\n\n\n<li>Team of actors from Ivanov Frankivsk working on a <em>Destinyation <\/em>project (theatre, Ukraine)<\/li>\n\n\n\n<li>Team of actors from Timisoara working on a <em>Destinyation<\/em> project (theatre, Romania)<\/li>\n\n\n\n<li>Dejan Srhoj and his improvisation group (dance, Slovenia)<\/li>\n\n\n\n<li>9th international philosophical symposium of Miklav\u017e Ocepek (philosophy, international team)<\/li>\n\n\n\n<li>creative team and actors of a film in the making about performance <em>Seagull<\/em> and film crew of Vertigo production (theatre\/ film, Slovenia&amp; Sebia&amp; Montenegro&amp; Hungary)<\/li>\n\n\n\n<li>Gregor Kamnikar, Tina Jane\u017ei\u010d, Gergely D\u00f3zsa (experimental theatre, Slovenia&amp;Hungary)<\/li>\n\n\n\n<li>PhD students and professors of stage design from University of Novi Sad, department for art and design (stage design, Serbia)<\/li>\n\n\n\n<li>Ela Vasiilescu (writer, Italy)<\/li>\n\n\n\n<li>Lori Hetherington (translator&amp;writer, Italy)<\/li>\n\n\n\n<li>Koala Voice (music, Slovenia)<\/li>\n\n\n\n<li>Anna Rabko (designer, Ukraine)<\/li>\n\n\n\n<li>Ihor and Andrei Nesmiianov (painter&amp;designer, Ukraine)<\/li>\n\n\n\n<li>Damjan Kozole &amp; OHO group (residency and filming of the documentary about OHO group)<\/li>\n\n\n\n<li>Alexandra Rab and the team (dance, Hungary)<\/li>\n\n\n\n<li>Friday Group residency 2022 (art&amp;psychodrama, international participants)<\/li>\n\n\n\n<li>Christina Zurhausen &amp;Ramon Keck (music, Germany)<\/li>\n\n\n\n<li>Branko Hojnik (architecture\/scenography, Slovenia)<\/li>\n\n\n\n<li>Taste of Kru\u0161\u010de residency (Jasna Jasna \u017dmak, Willemijn Debets, Kristina Kapeljuh, \u0110or\u0111e Ne\u0161ovi\u0107, Bojan Mara\u017e, Chiara Duchi, Adorj\u00e1n Be\u00e1ta, Zsolt Benedek, Vlado G. Repnik, Petja Golec Horvat, Marko Rafolt)<\/li>\n\n\n\n<li>Sim\u00f3 Emese (theatre, Hungary)<\/li>\n\n\n\n<li>Kristijan Krajn\u010dan, Toma\u017e Gaj\u0161t, Bo\u0161tjan Simon, Robert Juki\u010d, \u017digan Krajn\u010dan, Kristyna \u0160ajto\u0161ova, Bor Prokofjev, Nata\u0161a Zavolov\u0161ek (music-dance, international)<\/li>\n\n\n\n<li>Sue Daniels, Ted Bugarski (psychodrama, Australia)<\/li>\n\n\n\n<li>Mirjana Medojevi\u0107 (playwright\/director, Montenegro)<\/li>\n\n\n\n<li>Boris Isakovi\u0107, Denes Debrei, Filip Djuri\u0107, Sretan Mokrovi\u0107,  Leon Lu\u010dev (theatre, Serbia\/Croatia\/Hungary)<\/li>\n\n\n\n<li>Nata\u0161a \u017divkovi\u010d, Tea Hvala (theatre\/dance, Slovenia)<\/li>\n<\/ul>\n","protected":false},"excerpt":{"rendered":"<p>Kru\u0161\u010de Creative Center stretches through few plots of land with six buildings. The property is being renovated since 2006 and has almost 1000 m2 of spaces for group work and accommodation. The renovation has been a process of artistic directors with architects, students of scenic design and other collaborators to establish spaces and landscapes that &hellip; <\/p>\n<p class=\"link-more\"><a href=\"https:\/\/krusce.si\/index.php\/residencies\/\" class=\"more-link\">Continue reading<span class=\"screen-reader-text\"> &#8220;RESIDENCIES&#8221;<\/span><\/a><\/p>\n","protected":false},"author":1,"featured_media":0,"parent":0,"menu_order":0,"comment_status":"closed","ping_status":"closed","template":"","meta":{"footnotes":""},"class_list":["post-73","page","type-page","status-publish","hentry"],"_links":{"self":[{"href":"https:\/\/krusce.si\/index.php\/wp-json\/wp\/v2\/pages\/73","targetHints":{"allow":["GET"]}}],"collection":[{"href":"https:\/\/krusce.si\/index.php\/wp-json\/wp\/v2\/pages"}],"about":[{"href":"https:\/\/krusce.si\/index.php\/wp-json\/wp\/v2\/types\/page"}],"author":[{"embeddable":true,"href":"https:\/\/krusce.si\/index.php\/wp-json\/wp\/v2\/users\/1"}],"replies":[{"embeddable":true,"href":"https:\/\/krusce.si\/index.php\/wp-json\/wp\/v2\/comments?post=73"}],"version-history":[{"count":19,"href":"https:\/\/krusce.si\/index.php\/wp-json\/wp\/v2\/pages\/73\/revisions"}],"predecessor-version":[{"id":919,"href":"https:\/\/krusce.si\/index.php\/wp-json\/wp\/v2\/pages\/73\/revisions\/919"}],"wp:attachment":[{"href":"https:\/\/krusce.si\/index.php\/wp-json\/wp\/v2\/media?parent=73"}],"curies":[{"name":"wp","href":"https:\/\/api.w.org\/{rel}","templated":true}]}}