{"id":349,"date":"2022-06-22T12:15:13","date_gmt":"2022-06-22T12:15:13","guid":{"rendered":"https:\/\/krusce.si\/?page_id=349"},"modified":"2022-07-24T08:09:54","modified_gmt":"2022-07-24T08:09:54","slug":"little-festivals-2022-bodies-worlds","status":"publish","type":"page","link":"https:\/\/krusce.si\/index.php\/little-festivals-2022-bodies-worlds\/","title":{"rendered":"LITTLE FESTIVALS 2022 &#8211; PROGRAM"},"content":{"rendered":"\n<p><em>August 2nd &#8211; 6th &nbsp; &nbsp; &nbsp; &nbsp;<\/em><em>BODIES WORLDS &nbsp;<\/em><\/p>\n\n\n\n<p><em>August 9th &#8211; 13th \u00a0 \u00a0 \u00a0\u00a0SPACES CURENTS \u00a0 \u00a0<\/em><br><br><em>August 16th &#8211; 20th \u00a0 \u00a0 LITLLE FESTIVAL OF\u00a0PSYCHODRAMA<\/em><\/p>\n\n\n\n<p class=\"has-medium-font-size\">Experiential psychotherapy and other workshops, lectures, talks, performances, concerts, exhibitions.<\/p>\n\n\n\n<p><\/p>\n\n\n\n<p class=\"has-medium-font-size\"><em><strong>August 2nd &#8211; 6th &nbsp; &nbsp; &nbsp; &nbsp;BODIES WORLDS &nbsp;<\/strong><\/em><\/p>\n\n\n\n<figure class=\"wp-block-image size-large is-style-default\"><img loading=\"lazy\" decoding=\"async\" width=\"1024\" height=\"682\" src=\"https:\/\/krusce.si\/wp-content\/uploads\/2022\/06\/IMG_8385-1024x682.jpeg\" alt=\"\" class=\"wp-image-350\" srcset=\"https:\/\/krusce.si\/wp-content\/uploads\/2022\/06\/IMG_8385-1024x682.jpeg 1024w, https:\/\/krusce.si\/wp-content\/uploads\/2022\/06\/IMG_8385-300x200.jpeg 300w, https:\/\/krusce.si\/wp-content\/uploads\/2022\/06\/IMG_8385-768x512.jpeg 768w, https:\/\/krusce.si\/wp-content\/uploads\/2022\/06\/IMG_8385.jpeg 1280w\" sizes=\"auto, (max-width: 767px) 89vw, (max-width: 1000px) 54vw, (max-width: 1071px) 543px, 580px\" \/><\/figure>\n\n\n\n<p><\/p>\n\n\n\n<p>TUESDAY August 2nd:<\/p>\n\n\n\n<p>NHANDAN CHIRCO (performerka\/performer), JASNA DJURI\u010cI\u0106 (igralka\/ actress), TOMA\u017d FLAJS (psihoterapevt\/&nbsp;psychotherapist),&nbsp;TULLIO GIRALDI (profesor farmakologije in zen mojster\/ professor of pharmacology and zen master), STANE TOMAZIN (igralec\/ actor), BORIS ISAKOVI\u0106 (igralec\/ actor) in&nbsp;drugi_e\/ and others.<\/p>\n\n\n\n<p>WEDNESDAY August 3rd:<\/p>\n\n\n\n<p>TOMA\u017d FLAJS (psihoterapevt\/&nbsp;psychotherapist),&nbsp;TULLIO GIRALDI (profesor farmakologije in zen mojster\/ professor of pharmacology and zen master), ARIANNA LUPERINI (psihoanaliti\u010darka\/&nbsp;psychoanalyst), BLA\u017d LUKAN (dramaturg in pesnik\/&nbsp;dramaturge and poet), MARTA MELUCCI (plesalka in Feldenkrais u\u010diteljica \/ dancer and Feldenkrais teacher),&nbsp;GALEB NIKA\u010cEVI\u0106 (novinar\/ journalist), ANA VIPOTNIK (pevka in dihalna terapevtka\/ singer and breath therapist) in&nbsp;drugi_e\/ and others.<\/p>\n\n\n\n<p>THURSDAY August 4th:<\/p>\n\n\n\n<p>DAVOR D\u017dALTO (umetnik&nbsp;in filozof\/ artist and philosopher), TOMA\u017d FLAJS (psihoterapevt\/&nbsp;psychotherapist),&nbsp;TULLIO GIRALDI (profesor farmakologije in zen mojster\/ professor of pharmacology and zen master), TOMI JANE\u017dI\u010c (re\u017eiser\/ director), KATJA LEGIN (performerka in koreografinja\/ performer and choreographer), BLA\u017d LUKAN (dramaturg in pesnik\/&nbsp;dramaturge and poet), SRETEN MOKROVI\u0106 (igralec in praktik&nbsp;joge\/ actor and yoga&nbsp;practitioner), ANNA NOWICKA (performerka&nbsp;in koreografinja\/&nbsp;performer&nbsp;and choreographer) in&nbsp;drugi_e\/ and others.<\/p>\n\n\n\n<p>FRIDAY August 5th:<\/p>\n\n\n\n<p>RADIVOJE DINULOVI\u0106 (arhitekt in scenograf\/architect and set designer), TONINO GRIFFERO (Filozof in profesor estetike\/ philosopher&nbsp;and&nbsp;professor of aesthetics) &#8211; online, TOMI JANE\u017dI\u010c (re\u017eiser\/ director), KATJA LEGIN (performerka in koreografinja\/ performer and choreographer), IVAN MIJA\u010cEVI\u0106 (plesalec in glasbenik\/ dancer and musician), SRETEN MOKROVI\u0106 (igralec in praktik&nbsp;joge\/ actor and yoga&nbsp;practitioner), BOJANA ROBINSON (koreografinja in plesalka\/ choreographer and&nbsp;dancer) in&nbsp;drugi_e\/ and others.<\/p>\n\n\n\n<p>SATURDAY August 6th:<\/p>\n\n\n\n<p>SCOTT FIELDING (u\u010ditelj igre\/ acting teacher)&nbsp;&#8211;&nbsp;online, TOMI JANE\u017dI\u010c (re\u017eiser\/ director), KATJA LEGIN (performerka in koreografinja\/ performer and choreographer), ESZTELLA LEVKO (igralka\/&nbsp;actress), IVAN MIJA\u010cEVI\u0106 (plesalec in glasbenik\/ dancer and musician), SRETEN MOKROVI\u0106 (igralec in praktik&nbsp;joge\/ actor and yoga&nbsp;practitioner),&nbsp; GALEB NIKA\u010cEVI\u0106 (novinar\/ journalist), BENJAMIN \u017dNIDAR\u0160I\u010c (umetnik&nbsp;in&nbsp;vodja Kulturnega centra ARS VIVA\/ artist&nbsp;and director of ARS VIVA Cultural center) in&nbsp;drugi_e\/ and others.<\/p>\n\n\n\n<p><a href=\"https:\/\/vimeo.com\/601805278\" target=\"_blank\" rel=\"noreferrer noopener\">Video vtisi z lanskoletnega festivala \/ Video impressions from last year&#8217;s festival<\/a><\/p>\n\n\n\n<p><\/p>\n\n\n\n<p class=\"has-medium-font-size\"><em><strong>August 9th &#8211; 13th &nbsp; &nbsp; &nbsp;&nbsp;SPACES CURRENTS<\/strong><\/em><\/p>\n\n\n\n<figure class=\"wp-block-image size-large is-style-default\"><img loading=\"lazy\" decoding=\"async\" width=\"1024\" height=\"710\" src=\"https:\/\/krusce.si\/wp-content\/uploads\/2022\/06\/hockney-1024x710.jpeg\" alt=\"\" class=\"wp-image-351\" srcset=\"https:\/\/krusce.si\/wp-content\/uploads\/2022\/06\/hockney-1024x710.jpeg 1024w, https:\/\/krusce.si\/wp-content\/uploads\/2022\/06\/hockney-300x208.jpeg 300w, https:\/\/krusce.si\/wp-content\/uploads\/2022\/06\/hockney-768x532.jpeg 768w, https:\/\/krusce.si\/wp-content\/uploads\/2022\/06\/hockney.jpeg 1280w\" sizes=\"auto, (max-width: 767px) 89vw, (max-width: 1000px) 54vw, (max-width: 1071px) 543px, 580px\" \/><figcaption>David Hockney<\/figcaption><\/figure>\n\n\n\n<p>TUESDAY August 9th:<\/p>\n\n\n\n<p>SUE DANIEL (psihodramska&nbsp;psihoterapevtka\/ psychodrama psychotherapist), TONINO GRIFFERO&nbsp;(Filozof in profesor estetike\/ philosopher&nbsp;and&nbsp;professor of aesthetics) &#8211; online, MATJA\u017d IVANI\u0160IN (filmski&nbsp;re\u017eiser\/ film director), TOMI JANE\u017dI\u010c (re\u017eiser\/ director) in&nbsp;drugi_e\/ and others.<\/p>\n\n\n\n<p>WEDNESDAY August 10th:<\/p>\n\n\n\n<p>SUE DANIEL (psihodramska&nbsp;psihoterapevtka\/ psychodrama psychotherapist),&nbsp;D\u00c9NES D\u00d6BREI&nbsp;(performer), KATJA&nbsp;\u0160ULC (pevka\/ singer), HENI VARGA (performerka\/ performer), VESNA VELKOVRH BUKILICA (literarna prevajalka\/ literary translator),&nbsp;IRA ZORKO (arhitekt\/ architect) in&nbsp;drugi_e\/ and others.<\/p>\n\n\n\n<p>THURSDAY August 11th:<\/p>\n\n\n\n<p>SUE DANIEL (psihodramska&nbsp;psihoterapevtka\/ psychodrama psychotherapist), D\u00c9NES D\u00d6BREI&nbsp;(performer), BRANKO HOJNIK (scenograf\/ set designer), TOMI JANE\u017dI\u010c (re\u017eiser\/ director), IGOR NESMIYANOV (slikar in scenograf\/ painter and set designer), HENI VARGA (performerka\/ performer), JONI ZAKONJ\u0160EK (slikarka\/ painter) in&nbsp;drugi_e\/ and others.<\/p>\n\n\n\n<p>FRIDAY August 12th:<\/p>\n\n\n\n<p>SUE DANIEL (psihodramska&nbsp;psihoterapevtka\/ psychodrama psychotherapist), ROBERT DOLINAR (arhitekt, teolog, filozof\/architect, theologist, philosopher),&nbsp;D\u00c9NES D\u00d6BREI&nbsp;(performer), BRANKO HOJNIK (scenograf\/ set designer), MANCA KO\u0160IR (novinarka in&nbsp;publicist\/ journalist and publicist), ANDRA\u017d MAZI (glasbenik\/ musician), JAKA SOTLAR (seksolog in&nbsp;psihodramske psihoterapevt\/ sexologist and psychodrama psyhoterapist), KATJA&nbsp;\u0160ULC (pevka\/ singer), HENI VARGA (performerka\/ performer) in drugi_e\/ and others.<\/p>\n\n\n\n<p>SATURDAY August 13th:<\/p>\n\n\n\n<p>MATEJA BU\u010cAR (koreografinja\/ choreographer), SUE DANIEL (psihodramska&nbsp;psihoterapevtka\/ psychodrama psychotherapist), D\u00c9NES D\u00d6BREI&nbsp;(performer), BRANKO HOJNIK (scenograf\/ set designer), KATJA LEGIN (performerka\/ performer),&nbsp;ANA ROKVI\u0106 PINTERI\u010c (psihodramska psihoterapevtka\/ psychodrama&nbsp;psychotherapist), HENI VARGA (performerka\/ performer) in drugi_e\/ and others.<\/p>\n\n\n\n<p><a rel=\"noreferrer noopener\" href=\"https:\/\/krusce.us19.list-manage.com\/track\/click?u=d7b0ca638d0fb0dfcecdff001&amp;id=94852cf755&amp;e=d36d587fe5\" target=\"_blank\"> Video impressions from last year&#8217;s festival<\/a><\/p>\n\n\n\n<p><\/p>\n\n\n\n<p class=\"has-medium-font-size\"><em><strong>August 16th &#8211; 20th &nbsp; &nbsp; LITTLE FESTIVAL OF&nbsp;PSYCHODRAMA<\/strong><\/em><\/p>\n\n\n\n<figure class=\"wp-block-image size-large is-style-default\"><img loading=\"lazy\" decoding=\"async\" width=\"1024\" height=\"422\" src=\"https:\/\/krusce.si\/wp-content\/uploads\/2022\/06\/copati-studio-1024x422.jpeg\" alt=\"\" class=\"wp-image-352\" srcset=\"https:\/\/krusce.si\/wp-content\/uploads\/2022\/06\/copati-studio-1024x422.jpeg 1024w, https:\/\/krusce.si\/wp-content\/uploads\/2022\/06\/copati-studio-300x124.jpeg 300w, https:\/\/krusce.si\/wp-content\/uploads\/2022\/06\/copati-studio-768x316.jpeg 768w, https:\/\/krusce.si\/wp-content\/uploads\/2022\/06\/copati-studio.jpeg 1280w\" sizes=\"auto, (max-width: 767px) 89vw, (max-width: 1000px) 54vw, (max-width: 1071px) 543px, 580px\" \/><\/figure>\n\n\n\n<p>TUESDAY August 16th:<\/p>\n\n\n\n<p>SUE DANIEL&nbsp;(psihodramska&nbsp;psihoterapevtka\/ psychodrama psychotherapist), VLADIMIR MILO\u0160EVI\u0106 (psihiater in psihodramske psihoterapevt\/ psychiatrist and psychodrama psychotherapist), DINO PE\u0160UT&nbsp;(dramatik in pisatelj\/ playwright and writer), MARKO PI\u0160LJAR (psihiater in pesnik\/ psychiatrist and poet)&nbsp;in drugi_e\/ and others.<\/p>\n\n\n\n<p>WEDNESDAY August 17th:<\/p>\n\n\n\n<p>SUE DANIEL&nbsp;(psihodramska&nbsp;psihoterapevtka\/ psychodrama psychotherapist), TOMI JANE\u017dI\u010c (psihodramski&nbsp;psihoterapevt\/ psychodrama psychotherapist), IZTOK KOREN (glasbenik\/ musician), ANA KRAVANJA (slikarka in glasbenica\/ painter and&nbsp;musician), SAMO KUTIN (multiinstrumentalist\/ multi instrumentalist), VLADIMIR MILO\u0160EVI\u0106 (psihiater in psihodramske psihoterapevt\/ psychiatrist and psychodrama psychotherapist) in&nbsp;drugi_e\/ and others.<\/p>\n\n\n\n<p>THURSDAY August 18th:<\/p>\n\n\n\n<p>TJA\u0160A \u010cRNIGOJ (re\u017eiserka in edukantka psihodrame\/ director and psychodrama trainee),&nbsp;SUE DANIEL&nbsp;(psihodramska&nbsp;psihoterapevtka\/ psychodrama psychotherapist), TOMA\u017d GROM (kontrabasist, avtor\/ contrabassist, author), NATA\u0160A KESER (igralka in edukantka&nbsp;psihodrame\/ actress and psychodrama trainee), ANA KRAVANJA (slikarka in glasbenica\/ painter and&nbsp;musician), SAMO KUTIN (multiinstrumentalist\/ multi instrumentalist) in&nbsp;drugi_e\/ and others.<\/p>\n\n\n\n<p>FRIDAY August 19th:<\/p>\n\n\n\n<p>SUE DANIEL&nbsp;(psihodramska&nbsp;psihoterapevtka\/ psychodrama psychotherapist), TOMI JANE\u017dI\u010c (psihodramski&nbsp;psihoterapevt\/ psychodrama psychotherapist), ANA KRAVANJA (slikarka in glasbenica\/ painter and&nbsp;musician), SAMO KUTIN (multiinstrumentalist\/ multi instrumentalist),&nbsp;VLADIMIR MILO\u0160EVI\u0106 (psihiater in psihodramske psihoterapevt\/ psychiatrist and psychodrama psychotherapist) in&nbsp;drugi_e\/ and others.<\/p>\n\n\n\n<p>SATURDAY August 20th:<\/p>\n\n\n\n<p>HANNA BINDER (igralka\/actress), SUE DANIEL&nbsp;(psihodramska&nbsp;psihoterapevtka\/ psychodrama psychotherapist),&nbsp;LADA KA\u0160TELAN (dramati\u010darka in psihodramska psihoterapevtka\/ playwright and psychodrama psychotherapist), VLADIMIR MILO\u0160EVI\u0106 (psihiater in psihodramske psihoterapevt\/ psychiatrist and psychodrama psychotherapist) in drugi_e\/ and others.<\/p>\n\n\n\n<p><a rel=\"noreferrer noopener\" href=\"https:\/\/krusce.us19.list-manage.com\/track\/click?u=d7b0ca638d0fb0dfcecdff001&amp;id=c436b3af45&amp;e=d36d587fe5\" target=\"_blank\">Video impressions of last year&#8217;s events&nbsp;at Kru\u0161\u010de<\/a><\/p>\n\n\n\n<p><\/p>\n\n\n\n<p><\/p>\n\n\n\n<p>Info and applications: info@krusce.si<\/p>\n\n\n\n<p><\/p>\n","protected":false},"excerpt":{"rendered":"<p>August 2nd &#8211; 6th &nbsp; &nbsp; &nbsp; &nbsp;BODIES WORLDS &nbsp; August 9th &#8211; 13th \u00a0 \u00a0 \u00a0\u00a0SPACES CURENTS \u00a0 \u00a0 August 16th &#8211; 20th \u00a0 \u00a0 LITLLE FESTIVAL OF\u00a0PSYCHODRAMA Experiential psychotherapy and other workshops, lectures, talks, performances, concerts, exhibitions. August 2nd &#8211; 6th &nbsp; &nbsp; &nbsp; &nbsp;BODIES WORLDS &nbsp; TUESDAY August 2nd: NHANDAN CHIRCO (performerka\/performer), &hellip; <\/p>\n<p class=\"link-more\"><a href=\"https:\/\/krusce.si\/index.php\/little-festivals-2022-bodies-worlds\/\" class=\"more-link\">Continue reading<span class=\"screen-reader-text\"> &#8220;LITTLE FESTIVALS 2022 &#8211; PROGRAM&#8221;<\/span><\/a><\/p>\n","protected":false},"author":1,"featured_media":0,"parent":0,"menu_order":0,"comment_status":"closed","ping_status":"closed","template":"","meta":{"footnotes":""},"class_list":["post-349","page","type-page","status-publish","hentry"],"_links":{"self":[{"href":"https:\/\/krusce.si\/index.php\/wp-json\/wp\/v2\/pages\/349","targetHints":{"allow":["GET"]}}],"collection":[{"href":"https:\/\/krusce.si\/index.php\/wp-json\/wp\/v2\/pages"}],"about":[{"href":"https:\/\/krusce.si\/index.php\/wp-json\/wp\/v2\/types\/page"}],"author":[{"embeddable":true,"href":"https:\/\/krusce.si\/index.php\/wp-json\/wp\/v2\/users\/1"}],"replies":[{"embeddable":true,"href":"https:\/\/krusce.si\/index.php\/wp-json\/wp\/v2\/comments?post=349"}],"version-history":[{"count":6,"href":"https:\/\/krusce.si\/index.php\/wp-json\/wp\/v2\/pages\/349\/revisions"}],"predecessor-version":[{"id":380,"href":"https:\/\/krusce.si\/index.php\/wp-json\/wp\/v2\/pages\/349\/revisions\/380"}],"wp:attachment":[{"href":"https:\/\/krusce.si\/index.php\/wp-json\/wp\/v2\/media?parent=349"}],"curies":[{"name":"wp","href":"https:\/\/api.w.org\/{rel}","templated":true}]}}