{"id":2,"date":"2021-11-11T17:58:56","date_gmt":"2021-11-11T17:58:56","guid":{"rendered":"https:\/\/krusce.si\/?page_id=2"},"modified":"2024-02-27T10:28:42","modified_gmt":"2024-02-27T10:28:42","slug":"sample-page","status":"publish","type":"page","link":"https:\/\/krusce.si\/","title":{"rendered":"KRU\u0160\u010cE CREATIVE CENTER"},"content":{"rendered":"\n<h2 class=\"wp-block-heading\">Kru\u0161\u010de Creative Center is dedicated to the artistic research, creation, residency and education. It grew from a vision of one person and became a place many call their creative home. It supports, nourishes and hosts different forms of creativity on one hand, and on the other produces, shares and reflects extraordinary art.<\/h2>\n\n\n\n<figure class=\"wp-block-image size-large\"><img loading=\"lazy\" decoding=\"async\" width=\"1024\" height=\"1024\" src=\"https:\/\/krusce.si\/wp-content\/uploads\/2024\/02\/DSC_8658-edited-1024x1024.jpg\" alt=\"\" class=\"wp-image-883\" srcset=\"https:\/\/krusce.si\/wp-content\/uploads\/2024\/02\/DSC_8658-edited-1024x1024.jpg 1024w, https:\/\/krusce.si\/wp-content\/uploads\/2024\/02\/DSC_8658-edited-300x300.jpg 300w, https:\/\/krusce.si\/wp-content\/uploads\/2024\/02\/DSC_8658-edited-150x150.jpg 150w, https:\/\/krusce.si\/wp-content\/uploads\/2024\/02\/DSC_8658-edited-768x767.jpg 768w, https:\/\/krusce.si\/wp-content\/uploads\/2024\/02\/DSC_8658-edited-100x100.jpg 100w, https:\/\/krusce.si\/wp-content\/uploads\/2024\/02\/DSC_8658-edited.jpg 1401w\" sizes=\"auto, (max-width: 767px) 89vw, (max-width: 1000px) 54vw, (max-width: 1071px) 543px, 580px\" \/><figcaption class=\"wp-element-caption\">Photo by Marcandrea<\/figcaption><\/figure>\n\n\n\n<p>Kru\u0161\u010de Creative Center is a creative property in the hills of Slovenia near Cerknica  developing into a small&nbsp;art&nbsp;village where&nbsp;art&nbsp;is being created, shown and discussed. It is a place of meaningful encounters with rarely combined worlds and perspectives, a space of inter-professional, inter-generational, inter-local and inter-national bridgings. Its regular activities include also research and educational programs in psychodrama and psychotherapy, as well as pedagogy and other fields that include group work.<\/p>\n\n\n\n<p>Kru\u0161\u010de Creative Center is being appreciated for its remote position and the nature that surrounds it. It combines the possibility of retreating into creative solitude in the middle of nature and simultaneous access to motorway connections, the capital and the borders with Croatia and Italy. It nurtures hospitality and long term collaborations. Guests are treated as friends and most of them return to continue to be part of centre&#8217;s activities. It is becoming recognized and valued as an important space for investigation and reflection of creativity in Slovenia as well as internationally.<\/p>\n\n\n\n<p>An important part of Kru\u0161\u010de&#8217;s program is a series of little festivals SPACES, BODIES, CURRENTS and WORLDS and Little Festival of Psychodrama &#8211; five days creative\/educational\/research retreats that explore creation of temporary communities through experiential workshops, lectures, talks and sharing&nbsp;art&nbsp;in a new context.<\/p>\n\n\n\n<figure class=\"wp-block-embed is-type-video is-provider-youtube wp-block-embed-youtube wp-embed-aspect-16-9 wp-has-aspect-ratio\"><div class=\"wp-block-embed__wrapper\">\n<iframe loading=\"lazy\" title=\"Ustvarjalni center\/ Creative Center KRU\u0160\u010cE in 2021\" width=\"525\" height=\"295\" src=\"https:\/\/www.youtube.com\/embed\/KstwsUeXWgM?feature=oembed\" frameborder=\"0\" allow=\"accelerometer; autoplay; clipboard-write; encrypted-media; gyroscope; picture-in-picture; web-share\" referrerpolicy=\"strict-origin-when-cross-origin\" allowfullscreen><\/iframe>\n<\/div><figcaption class=\"wp-element-caption\"><em>Video footage from The Ways of the Heroes project workshop, little festivals BODIES<\/em> <em>WORLDS SPACES CURRENTS and little festival of psychodrama 2021.<\/em><br><br><em>Guests:&nbsp;Maja Alvanovi\u0107,&nbsp;Cynthia Ashperger,&nbsp;Sue Daniel,&nbsp;Dene\u0161 Debrei, Radivoje Dinulovi\u0107, Davor D\u017ealto,&nbsp;Toma\u017e Flajs,&nbsp;Toma\u017e Grom,&nbsp;Branko Hojnik, Tomi Jane\u017ei\u010d,&nbsp;Janez Jan\u0161a,&nbsp;Lada Ka\u0161telan,&nbsp;Matej Kej\u017ear,&nbsp;Bill Key,&nbsp;Mala Kline, Aleksandar Kosti\u0107, Manca Ko\u0161ir, Kristijan Krajn\u010dan, Katja Legin, Marko Mandi\u0107, Igor Matkovi\u0107, Vili Matula, Vladimir Milo\u0161evi\u0107, Hedva Novich, Lan Pe\u010djak, Herman Pivk,&nbsp;Alan Powell,&nbsp;Snje\u017eana Premu\u0161, Matej Recer,&nbsp;Marina Rosso,&nbsp;Thomas Richards and Workcenter of Jerzy Grotowski and Thomas Richards, Emese Sim\u00f3, Marko Ur\u0161i\u010d,&nbsp;Kerstin Wagner, Gregor Zorc and Ernest \u017denko.<\/em><\/figcaption><\/figure>\n","protected":false},"excerpt":{"rendered":"<p>Kru\u0161\u010de Creative Center is dedicated to the artistic research, creation, residency and education. It grew from a vision of one person and became a place many call their creative home. It supports, nourishes and hosts different forms of creativity on one hand, and on the other produces, shares and reflects extraordinary art. Kru\u0161\u010de Creative Center &hellip; <\/p>\n<p class=\"link-more\"><a href=\"https:\/\/krusce.si\/\" class=\"more-link\">Continue reading<span class=\"screen-reader-text\"> &#8220;KRU\u0160\u010cE CREATIVE CENTER&#8221;<\/span><\/a><\/p>\n","protected":false},"author":1,"featured_media":0,"parent":0,"menu_order":0,"comment_status":"closed","ping_status":"open","template":"","meta":{"footnotes":""},"class_list":["post-2","page","type-page","status-publish","hentry"],"_links":{"self":[{"href":"https:\/\/krusce.si\/index.php\/wp-json\/wp\/v2\/pages\/2","targetHints":{"allow":["GET"]}}],"collection":[{"href":"https:\/\/krusce.si\/index.php\/wp-json\/wp\/v2\/pages"}],"about":[{"href":"https:\/\/krusce.si\/index.php\/wp-json\/wp\/v2\/types\/page"}],"author":[{"embeddable":true,"href":"https:\/\/krusce.si\/index.php\/wp-json\/wp\/v2\/users\/1"}],"replies":[{"embeddable":true,"href":"https:\/\/krusce.si\/index.php\/wp-json\/wp\/v2\/comments?post=2"}],"version-history":[{"count":17,"href":"https:\/\/krusce.si\/index.php\/wp-json\/wp\/v2\/pages\/2\/revisions"}],"predecessor-version":[{"id":887,"href":"https:\/\/krusce.si\/index.php\/wp-json\/wp\/v2\/pages\/2\/revisions\/887"}],"wp:attachment":[{"href":"https:\/\/krusce.si\/index.php\/wp-json\/wp\/v2\/media?parent=2"}],"curies":[{"name":"wp","href":"https:\/\/api.w.org\/{rel}","templated":true}]}}